{"id":1158,"date":"2021-06-28T20:29:16","date_gmt":"2021-06-28T20:29:16","guid":{"rendered":"http:\/\/hotelseethaler.de\/?page_id=1158"},"modified":"2023-10-06T11:24:03","modified_gmt":"2023-10-06T11:24:03","slug":"cookie-richtlinie-eu","status":"publish","type":"page","link":"https:\/\/hotel-seethaler.de\/en\/cookie-richtlinie-eu\/","title":{"rendered":"Cookie-Richtlinie (EU)"},"content":{"rendered":"  <div id=\"cmplz-document\" class=\"cmplz-document cookie-statement\"><p><i>Diese Cookie-Richtlinie gilt f\u00fcr B\u00fcrger und rechtm\u00e4\u00dfige st\u00e4ndige Einwohner des Europ\u00e4ischen Wirtschaftsraums.<\/i><\/p><h2>1. Einf\u00fchrung<\/h2><p>Unsere Website, www.hotel-seethaler.de (im folgenden: &#8220;Die Website&#8221;) verwendet Cookies und \u00e4hnliche Technologien (der Einfachheit halber werden all diese unter &#8220;Cookies&#8221; zusammengefasst). Cookies werden au\u00dferdem von uns beauftragten Drittparteien platziert. In dem unten stehendem Dokument informieren wir Sie \u00fcber die Verwendung von Cookies auf unserer Website.<\/p><h2>2. Was sind Cookies<\/h2><p>Ein Cookie ist eine einfache kleine Datei, die gemeinsam mit den Seiten einer Internetadresse versendet und vom Webbrowser auf dem PC oder einem anderen Ger\u00e4t gespeichert werden kann. Die darin gespeicherten Informationen k\u00f6nnen w\u00e4hrend folgender Besuche zu unseren oder den Servern relevanter Drittanbieter gesendet werden.<\/p><h2>3. Was sind Skripte?<\/h2><p>Ein Script ist ein St\u00fcck Programmcode, das benutzt wird, um unserer Website Funktionalit\u00e4t und Interaktivit\u00e4t zu erm\u00f6glichen. Dieser Code wird auf unseren Servern oder auf deinem Ger\u00e4t ausgef\u00fchrt.<\/p><h2>4. Was ist ein Web Beacon?<\/h2><p>Ein Web-Beacon (auch Pixel-Tag genannt), ist ein kleines unsichtbares Textfragment oder Bild auf einer Website, das benutzt wird, um den Verkehr auf der Website zu \u00fcberwachen. Um dies zu erm\u00f6glichen werden diverse Daten von dir mittels Web-Beacons gespeichert.<\/p><h2>5. Cookies<\/h2><p class=\"cmplz-subtitle\">5.1 Technische oder funktionelle Cookies<\/p><p>Einige Cookies stellen sicher, dass Teile unserer Website richtig funktionieren und deine Nutzervorlieben bekannt bleiben. Durch das Platzieren funktionaler Cookies machen wir es dir einfacher unsere Website zu besuchen. Auf diese Weise m\u00fcssen Sie bei Besuchen unserer Website nicht wiederholt die gleichen Informationen eingeben, oder Ihre Gegenst\u00e4nde bleiben beispielsweise im Warenkorb bis zur Bezahlung. Wir k\u00f6nnen diese Cookies ohne Ihr Einverst\u00e4ndnis platzieren.<\/p><p class=\"cmplz-subtitle\">5.2 Marketing- \/ Tracking-Cookies<\/p><p>Marketing- \/ Tracking-Cookies sind Cookies oder eine andere Form der lokalen Speicherung, die zur Erstellung von Benutzerprofilen verwendet werden, um Werbung anzuzeigen oder den Benutzer auf dieser Website oder \u00fcber mehrere Websites hinweg f\u00fcr \u00e4hnliche Marketingzwecke zu verfolgen.<\/p><h2>6. Platzierte Cookies<\/h2><div id=\"cmplz-cookies-overview\"><details class=\"cmplz-dropdown cmplz-service-desc cmplz-dropdown-cookiepolicy \"> <summary class=\"cmplz-service-header\"><div><h3>MotoPress<\/h3><p>Gegenstand der Untersuchung<\/p><\/div><\/summary>     <div class=\"cmplz-service-description\">     <h4>Nutzung<\/h4>         <p>Wir verwenden MotoPress f\u00fcr Website-Entwicklung.<\/p>     <\/div>     <div class=\"cmplz-sharing-data\">         <h4>Weitergabe von Daten<\/h4>         <p>Diese Daten werden nicht an Dritte weitergegeben.<\/p>     <\/div>     <div class=\"cookies-per-purpose\">     <div class=\"purpose\"><h4>Gegenstand der Untersuchung<\/h4><\/div>     <div class=\"name-header\"> <h5>Name<\/h5> <\/div> <div class=\"name\">mphb_session<\/div> <div class=\"retention-header\"> <h5>Beibehaltung<\/h5> <\/div> <div class=\"retention\">Sitzung<\/div> <div class=\"function-header\"> <h5>Funktion<\/h5> <\/div> <div class=\"function\"> <\/div> <\/div><\/details> <details class=\"cmplz-dropdown cmplz-service-desc cmplz-dropdown-cookiepolicy \"> <summary class=\"cmplz-service-header\"><div><h3>Google Maps<\/h3><p>Marketing\/Verfolgung<\/p><\/div><\/summary>     <div class=\"cmplz-service-description\">     <h4>Nutzung<\/h4>         <p>Wir verwenden Google Maps f\u00fcr Kartenanzeige.<\/p>     <\/div>     <div class=\"cmplz-sharing-data\">         <h4>Weitergabe von Daten<\/h4>         <p>F\u00fcr weitere Informationen, bitte die <a rel=\"noopener noreferrer nofollow\" target=\"_blank\" href=\"https:\/\/policies.google.com\/privacy\">Google Maps Datenschutzerkl\u00e4rung<\/a> lesen.<\/p>     <\/div>     <div class=\"cookies-per-purpose\">     <div class=\"purpose\"><h4>Marketing\/Verfolgung<\/h4><\/div>     <div class=\"name-header\"> <h5>Name<\/h5> <\/div> <div class=\"name\">Google Maps API<\/div> <div class=\"retention-header\"> <h5>Beibehaltung<\/h5> <\/div> <div class=\"retention\">nichts<\/div> <div class=\"function-header\"> <h5>Funktion<\/h5> <\/div> <div class=\"function\">Fordere die Benutzer-IP-Adresse an<\/div> <\/div> <\/details> <details class=\"cmplz-dropdown cmplz-service-desc cmplz-dropdown-cookiepolicy \"> <summary class=\"cmplz-service-header\"><div><h3>Complianz<\/h3><p>funktionelle<\/p><\/div><\/summary>     <div class=\"cmplz-service-description\">     <h4>Nutzung<\/h4>         <p>Wir verwenden Complianz f\u00fcr Verwaltung der Cookie-Einwilligung.<\/p>     <\/div>     <div class=\"cmplz-sharing-data\">         <h4>Weitergabe von Daten<\/h4>         <p>F\u00fcr weitere Informationen, bitte die <a rel=\"noopener noreferrer\" target=\"_blank\" href=\"https:\/\/complianz.io\/legal\/privacy-statement\/\">Complianz Datenschutzerkl\u00e4rung<\/a> lesen.<\/p>     <\/div>     <div class=\"cookies-per-purpose\">     <div class=\"purpose\"><h4>funktionelle<\/h4><\/div>     <div class=\"name-header\"> <h5>Name<\/h5> <\/div> <div class=\"name\">complianz_policy_id<\/div> <div class=\"retention-header\"> <h5>Beibehaltung<\/h5> <\/div> <div class=\"retention\">365 Tage<\/div> <div class=\"function-header\"> <h5>Funktion<\/h5> <\/div> <div class=\"function\">Erfasse die ID f\u00fcr die angenommene Cookie-Richtlinie<\/div> <div class=\"name-header\"> <h5>Name<\/h5> <\/div> <div class=\"name\">complianz_consent_status<\/div> <div class=\"retention-header\"> <h5>Beibehaltung<\/h5> <\/div> <div class=\"retention\">365 Tage<\/div> <div class=\"function-header\"> <h5>Funktion<\/h5> <\/div> <div class=\"function\">Speichere Cookie-Einwilligungsvorgaben<\/div> <div class=\"name-header\"> <h5>Name<\/h5> <\/div> <div class=\"name\">cmplz_marketing<\/div> <div class=\"retention-header\"> <h5>Beibehaltung<\/h5> <\/div> <div class=\"retention\">365 Tage<\/div> <div class=\"function-header\"> <h5>Funktion<\/h5> <\/div> <div class=\"function\">Speichere Cookie-Einwilligungsvorgaben<\/div> <\/div> <\/details> <details class=\"cmplz-dropdown cmplz-service-desc cmplz-dropdown-cookiepolicy \"> <summary class=\"cmplz-service-header\"><div><h3>WPML<\/h3><p>funktionelle<\/p><\/div><\/summary>     <div class=\"cmplz-service-description\">     <h4>Nutzung<\/h4>         <p>Wir verwenden WPML f\u00fcr Verwaltung der Gebietsschemen.<\/p>     <\/div>     <div class=\"cmplz-sharing-data\">         <h4>Weitergabe von Daten<\/h4>         <p>Diese Daten werden nicht an Dritte weitergegeben.<\/p>     <\/div>     <div class=\"cookies-per-purpose\">     <div class=\"purpose\"><h4>funktionelle<\/h4><\/div>     <div class=\"name-header\"> <h5>Name<\/h5> <\/div> <div class=\"name\">wp-wpml_current_language<\/div> <div class=\"retention-header\"> <h5>Beibehaltung<\/h5> <\/div> <div class=\"retention\">1 Tag<\/div> <div class=\"function-header\"> <h5>Funktion<\/h5> <\/div> <div class=\"function\">Speichere Spracheinstellungen<\/div> <\/div> <\/details> <details class=\"cmplz-dropdown cmplz-service-desc cmplz-dropdown-cookiepolicy \"> <summary class=\"cmplz-service-header\"><div><h3>Sonstiges<\/h3><p>Gegenstand der Untersuchung<\/p><\/div><\/summary>     <div class=\"cmplz-service-description\">     <h4>Nutzung<\/h4>              <\/div>     <div class=\"cmplz-sharing-data\">         <h4>Weitergabe von Daten<\/h4>         <p>Die Weitergabe von Daten wird noch untersucht<\/p>     <\/div>     <div class=\"cookies-per-purpose\">     <div class=\"purpose\"><h4>Gegenstand der Untersuchung<\/h4><\/div>     <div class=\"name-header\"> <h5>Name<\/h5> <\/div> <div class=\"name\">layoutCount<\/div> <div class=\"retention-header\"> <h5>Beibehaltung<\/h5> <\/div> <div class=\"retention\"> <div class=\"function-header\"> <h5>Funktion<\/h5> <\/div> <div class=\"function\"> <\/div> <\/div><\/div><\/details> <\/div><h2>7. Zustimmung<\/h2><p>Wenn Sie unsere Website das erste Mal besuchen, zeigen wir ein Pop-Up mit einer Erkl\u00e4rung \u00fcber Cookies. Sobald Sie auf \u201eEinstellungen speichern\u201c klicken, geben Sie uns  Einverst\u00e4ndnis, alle gew\u00e4hlten Kategorien von Cookies und Plugins wie in dieser Cookie-Erkl\u00e4rung beschrieben zu verwenden. Sie k\u00f6nnen die Verwendung von Cookies \u00fcber den Browser deaktivieren, aber bitte beachten Sie, dass unsere Website dann unter Umst\u00e4nden nicht richtig funktioniert.<\/p><p class=\"cmplz-subtitle\">7.1 Verwalte deine Zustimmungseinstellungen<\/p><div id=\"cmplz-manage-consent-container-nojavascript\">Sie haben die Cookie-Richtlinie ohne Javascript-Unterst\u00fctzung geladen.&nbsp;Unter AMP k\u00f6nnen Sie die Schaltfl\u00e4che zum Zustimmen der Einwilligung unten auf der Seite verwenden.<\/div><p id=\"cmplz-manage-consent-container\" class=\"cmplz-manage-consent-container\"><\/p><h2>8. Deine Rechte in Bezug auf pers\u00f6nliche Daten<\/h2><p>Sie haben in Bezug auf pers\u00f6nliche Daten die folgenden Rechte:<\/p><ul>                     <li>Sie haben das Recht zu wissen, warum pers\u00f6nliche Daten gebraucht werden, was mit ihnen passiert und wie lange diese verwahrt werden.<\/li>                     <li>Zugriffsrecht: Sie haben das Recht die uns bekannten pers\u00f6nliche Daten einzusehen.<\/li>                     <li>Recht auf Berichtigung: Sie haben das Recht wann immer gew\u00fcnscht, die pers\u00f6nlichen Daten zu erg\u00e4nzen, zu korrigieren sowie gel\u00f6scht oder blockiert zu bekommen.<\/li>                     <li>Wenn Sie uns Einverst\u00e4ndnis zur Verarbeitung der Daten gegeben haben, haben Sie das Recht dieses Einverst\u00e4ndnis zu widerrufen und pers\u00f6nliche Daten l\u00f6schen zu lassen.<\/li>                     <li>Recht auf Datentransfer: Sie haben das Recht, alle pers\u00f6nlichen Daten von einem Kontrolleur anzufordern und in ihrer Gesamtheit zu einem anderen Kontrolleur zu transferieren.<\/li>                     <li>Widerspruchsrecht: Sie k\u00f6nnen der Verarbeitung Ihrer Daten widersprechen. Wir entsprechen dem, es sei denn es gibt berechtigte Gr\u00fcnde f\u00fcr die Verarbeitung.<\/li>                 <\/ul><p>Um diese Rechte auszu\u00fcben kontaktieren Sie uns bitte. Bitte beziehen Sie sich auf die Kontaktdaten am Ende dieser Cookie-Erkl\u00e4rung. Wenn Sie eine Beschwerde dar\u00fcber haben, wie wir Daten behandeln, w\u00fcrden wir diese gerne h\u00f6ren, aber Sie haben auch das Recht diese an die Aufsichtsbeh\u00f6rde (der Datenschutzbeh\u00f6rde) zu richten.<\/p><h2>9. Aktivierung\/Deaktivierung und L\u00f6schen von Cookies<\/h2><p>Sie k\u00f6nnen ihren Internetbrowser verwenden um automatisch oder manuell Cookies zu l\u00f6schen. Sie k\u00f6nnen au\u00dferdem spezifizieren ob spezielle Cookies nicht platziert werden sollen. Eine andere M\u00f6glichkeit ist es ihren Internetbrowser derart einzurichten, dass  jedes Mal benachrichtigt wird, wenn ein Cookie platziert wird. F\u00fcr weitere Information \u00fcber diese M\u00f6glichkeiten beachten Sie die Anweisungen in der Hilfesektion ihres Browsers. Bitte nehmen Sie zur Kentniss, dass unsere Website m\u00f6glicherweise nicht richtig funktioniert wenn alle Cookies deaktiviert sind. Wenn Sie die Cookies in ihrem Browser l\u00f6schen, werden diese neuplatziert wenn Sie unsere Website erneut besuchen.<\/p><h2>10. Kontaktdaten<\/h2><p>F\u00fcr Fragen und\/oder Kommentare \u00fcber unsere Cookie-Richtlinien und diese Aussage kontaktieren Sie bitte mittels der folgenden Kontaktdaten:<\/p><\/div>Hotel Seethaler<br><div id=\"cmplz-document\" class=\"cmplz-document cookie-statement\"><p>Inh. Christian Seethaler<br>Theresienplatz 9<br>94315 Straubing<br>Deutschland<br>Website: <a href=\"http:\/\/hotelseethaler.de\">http:\/\/hotelseethaler.de<\/a> <br>E-Mail: <a href=\"mailto:info@hotel-seethaler.de\">info@hotel-seethaler.de<\/a> <br>Telefonnummer: 0942193950<\/p><\/div><br><div id=\"cmplz-document\" class=\"cmplz-document cookie-statement\"><p><br>Diese Cookie-Richtlinie wurde mit <a href=\"https:\/\/cookiedatabase.org\" target=\"_blank\">cookiedatabase.org<\/a> erstellt.<\/p><\/div>","protected":false},"excerpt":{"rendered":"","protected":false},"author":4,"featured_media":0,"parent":0,"menu_order":0,"comment_status":"closed","ping_status":"closed","template":"","meta":{"inline_featured_image":false,"footnotes":""},"class_list":["post-1158","page","type-page","status-publish","hentry"],"translation":{"provider":"WPGlobus","version":"3.0.2","language":"en","enabled_languages":["de","en"],"languages":{"de":{"title":true,"content":true,"excerpt":false},"en":{"title":false,"content":false,"excerpt":false}}},"_links":{"self":[{"href":"https:\/\/hotel-seethaler.de\/en\/wp-json\/wp\/v2\/pages\/1158","targetHints":{"allow":["GET"]}}],"collection":[{"href":"https:\/\/hotel-seethaler.de\/en\/wp-json\/wp\/v2\/pages"}],"about":[{"href":"https:\/\/hotel-seethaler.de\/en\/wp-json\/wp\/v2\/types\/page"}],"author":[{"embeddable":true,"href":"https:\/\/hotel-seethaler.de\/en\/wp-json\/wp\/v2\/users\/4"}],"replies":[{"embeddable":true,"href":"https:\/\/hotel-seethaler.de\/en\/wp-json\/wp\/v2\/comments?post=1158"}],"version-history":[{"count":3,"href":"https:\/\/hotel-seethaler.de\/en\/wp-json\/wp\/v2\/pages\/1158\/revisions"}],"predecessor-version":[{"id":1860,"href":"https:\/\/hotel-seethaler.de\/en\/wp-json\/wp\/v2\/pages\/1158\/revisions\/1860"}],"wp:attachment":[{"href":"https:\/\/hotel-seethaler.de\/en\/wp-json\/wp\/v2\/media?parent=1158"}],"curies":[{"name":"wp","href":"https:\/\/api.w.org\/{rel}","templated":true}]}}