{"id":1198,"date":"2021-06-29T07:39:15","date_gmt":"2021-06-29T07:39:15","guid":{"rendered":"http:\/\/hotelseethaler.de\/?page_id=1198"},"modified":"2023-10-06T11:25:03","modified_gmt":"2023-10-06T11:25:03","slug":"der-seethaler","status":"publish","type":"page","link":"https:\/\/hotel-seethaler.de\/en\/der-seethaler\/","title":{"rendered":"Historie"},"content":{"rendered":"\n<div class=\"wp-block-columns is-layout-flex wp-container-core-columns-is-layout-9d6595d7 wp-block-columns-is-layout-flex\">\n<div class=\"wp-block-column is-layout-flow wp-block-column-is-layout-flow\" style=\"flex-basis:50%\">\n<p>Urkundlich wurde das Haus&nbsp;erstmals im Jahre 1462 als Brauerei und Tafernwirtschaft erw\u00e4hnt. <\/p>\n\n\n\n<p>Im Jahr 1580 entstand die bemalte Balkendecke in der Hotelhalle. Die naturalistischen Pflanzenornamente stammen aus der Zeit der Gotik.<\/p>\n\n\n\n<p>Dieses Original, ein wertvolles geschichtliches Denkmal,&nbsp;wurde erst 1951 wiederentdeckt und freigelegt.<\/p>\n\n\n\n<p>Noch \u00e4lter ist vermutlich die mit Stierblut bestrichene Eichenholzdecke&nbsp;in der Agnes-Bernauer-Stube.&nbsp;Im selben Raum kann man eine Stadtansicht&nbsp;des Kunstprofessors Nagler bewundern.&nbsp;Gemalt 1953 nach dem gotischen Holzmodell &nbsp;des Straubinger Drechslermeister&nbsp;Jakob Sandtner, &nbsp;stellt es die S\u00fcdseite des Stadtplatzes dar.<\/p>\n\n\n\n<p>An der Hausfassade&nbsp;wurde 1959 vom M\u00fcnchner K\u00fcnstler&nbsp;Max Lacher &nbsp;ein Erker mit Agnes-Bernauer-Motiven gestaltet.<\/p>\n<\/div>\n\n\n\n<div class=\"wp-block-column is-layout-flow wp-block-column-is-layout-flow\" style=\"flex-basis:50%\">\n<figure class=\"wp-block-gallery has-nested-images columns-default is-cropped wp-block-gallery-1 is-layout-flex wp-block-gallery-is-layout-flex\">\n<figure class=\"wp-block-image size-large\"><img loading=\"lazy\" decoding=\"async\" width=\"1024\" height=\"688\" data-id=\"1124\" src=\"https:\/\/hotel-seethaler.de\/wp-content\/uploads\/2016\/05\/SEETH1-Hausansicht-alt.jpg\" alt=\"\" class=\"wp-image-1124\" srcset=\"https:\/\/hotel-seethaler.de\/wp-content\/uploads\/2016\/05\/SEETH1-Hausansicht-alt.jpg 1024w, https:\/\/hotel-seethaler.de\/wp-content\/uploads\/2016\/05\/SEETH1-Hausansicht-alt-300x202.jpg 300w, https:\/\/hotel-seethaler.de\/wp-content\/uploads\/2016\/05\/SEETH1-Hausansicht-alt-768x516.jpg 768w\" sizes=\"auto, (max-width: 1024px) 100vw, 1024px\" \/><\/figure>\n\n\n\n<figure class=\"wp-block-image size-large\"><img loading=\"lazy\" decoding=\"async\" width=\"1024\" height=\"767\" data-id=\"1125\" src=\"https:\/\/hotel-seethaler.de\/wp-content\/uploads\/2016\/05\/SEETH2-Theke-alt.jpg\" alt=\"\" class=\"wp-image-1125\" srcset=\"https:\/\/hotel-seethaler.de\/wp-content\/uploads\/2016\/05\/SEETH2-Theke-alt.jpg 1024w, https:\/\/hotel-seethaler.de\/wp-content\/uploads\/2016\/05\/SEETH2-Theke-alt-300x225.jpg 300w, https:\/\/hotel-seethaler.de\/wp-content\/uploads\/2016\/05\/SEETH2-Theke-alt-768x575.jpg 768w\" sizes=\"auto, (max-width: 1024px) 100vw, 1024px\" \/><\/figure>\n\n\n\n<figure class=\"wp-block-image size-large\"><img loading=\"lazy\" decoding=\"async\" width=\"535\" height=\"768\" data-id=\"1133\" src=\"https:\/\/hotel-seethaler.de\/wp-content\/uploads\/2016\/05\/SEETH11-Stadtturm-alt.jpg\" alt=\"\" class=\"wp-image-1133\" srcset=\"https:\/\/hotel-seethaler.de\/wp-content\/uploads\/2016\/05\/SEETH11-Stadtturm-alt.jpg 535w, https:\/\/hotel-seethaler.de\/wp-content\/uploads\/2016\/05\/SEETH11-Stadtturm-alt-209x300.jpg 209w\" sizes=\"auto, (max-width: 535px) 100vw, 535px\" \/><\/figure>\n\n\n\n<figure class=\"wp-block-image size-large\"><img loading=\"lazy\" decoding=\"async\" width=\"1024\" height=\"699\" data-id=\"1134\" src=\"https:\/\/hotel-seethaler.de\/wp-content\/uploads\/2016\/05\/SEETH12-Theresienplatz-alt.jpg\" alt=\"\" class=\"wp-image-1134\" srcset=\"https:\/\/hotel-seethaler.de\/wp-content\/uploads\/2016\/05\/SEETH12-Theresienplatz-alt.jpg 1024w, https:\/\/hotel-seethaler.de\/wp-content\/uploads\/2016\/05\/SEETH12-Theresienplatz-alt-300x205.jpg 300w, https:\/\/hotel-seethaler.de\/wp-content\/uploads\/2016\/05\/SEETH12-Theresienplatz-alt-768x524.jpg 768w\" sizes=\"auto, (max-width: 1024px) 100vw, 1024px\" \/><\/figure>\n\n\n\n<figure class=\"wp-block-image size-large\"><img loading=\"lazy\" decoding=\"async\" width=\"1024\" height=\"740\" data-id=\"1136\" src=\"https:\/\/hotel-seethaler.de\/wp-content\/uploads\/2016\/05\/SEETH14-Familie-alt.jpg\" alt=\"\" class=\"wp-image-1136\" srcset=\"https:\/\/hotel-seethaler.de\/wp-content\/uploads\/2016\/05\/SEETH14-Familie-alt.jpg 1024w, https:\/\/hotel-seethaler.de\/wp-content\/uploads\/2016\/05\/SEETH14-Familie-alt-300x217.jpg 300w, https:\/\/hotel-seethaler.de\/wp-content\/uploads\/2016\/05\/SEETH14-Familie-alt-768x555.jpg 768w\" sizes=\"auto, (max-width: 1024px) 100vw, 1024px\" \/><\/figure>\n\n\n\n<figure class=\"wp-block-image size-large\"><img loading=\"lazy\" decoding=\"async\" width=\"1024\" height=\"688\" data-id=\"1128\" src=\"https:\/\/hotel-seethaler.de\/wp-content\/uploads\/2016\/05\/SEETH5-Agnes-alt.jpg\" alt=\"\" class=\"wp-image-1128\" srcset=\"https:\/\/hotel-seethaler.de\/wp-content\/uploads\/2016\/05\/SEETH5-Agnes-alt.jpg 1024w, https:\/\/hotel-seethaler.de\/wp-content\/uploads\/2016\/05\/SEETH5-Agnes-alt-300x202.jpg 300w, https:\/\/hotel-seethaler.de\/wp-content\/uploads\/2016\/05\/SEETH5-Agnes-alt-768x516.jpg 768w\" sizes=\"auto, (max-width: 1024px) 100vw, 1024px\" \/><\/figure>\n\n\n\n<figure class=\"wp-block-image size-large\"><img loading=\"lazy\" decoding=\"async\" width=\"1024\" height=\"764\" data-id=\"1127\" src=\"https:\/\/hotel-seethaler.de\/wp-content\/uploads\/2016\/05\/SEETH4-Wein-alt.jpg\" alt=\"\" class=\"wp-image-1127\" srcset=\"https:\/\/hotel-seethaler.de\/wp-content\/uploads\/2016\/05\/SEETH4-Wein-alt.jpg 1024w, https:\/\/hotel-seethaler.de\/wp-content\/uploads\/2016\/05\/SEETH4-Wein-alt-300x224.jpg 300w, https:\/\/hotel-seethaler.de\/wp-content\/uploads\/2016\/05\/SEETH4-Wein-alt-768x573.jpg 768w\" sizes=\"auto, (max-width: 1024px) 100vw, 1024px\" \/><\/figure>\n\n\n\n<figure class=\"wp-block-image size-large\"><img loading=\"lazy\" decoding=\"async\" width=\"663\" height=\"768\" data-id=\"1140\" src=\"https:\/\/hotel-seethaler.de\/wp-content\/uploads\/2016\/05\/SEETH19-Hausansicht-alt.jpg\" alt=\"\" class=\"wp-image-1140\" srcset=\"https:\/\/hotel-seethaler.de\/wp-content\/uploads\/2016\/05\/SEETH19-Hausansicht-alt.jpg 663w, https:\/\/hotel-seethaler.de\/wp-content\/uploads\/2016\/05\/SEETH19-Hausansicht-alt-259x300.jpg 259w\" sizes=\"auto, (max-width: 663px) 100vw, 663px\" \/><\/figure>\n<\/figure>\n<\/div>\n<\/div>\n\n\n\n<p>Im Jahr 1900 erwarben Jakob und Magdalena Seethaler die Gastst\u00e4tte S\u00f6ldnerbr\u00e4u am Theresienplatz und betrieben eine Wirtschaft mit Fremdenzimmern.<\/p>\n\n\n\n<p>Ab 1930 f\u00fchrte Ihr Sohn Jakob mit seiner Gattin Luise den Betrieb weiter.<\/p>\n\n\n\n<p>1945 wurde das Hotel von der amerikanischen Milit\u00e4rpolizei als Hauptquartier beschlagnahmt.<\/p>\n\n\n\n<p>Zwei Jahre sp\u00e4ter begann Luise Seethaler in dem fast unbewohnbaren&nbsp;und v\u00f6llig leer ger\u00e4umten Haus mit dem Wiederaufbau.<\/p>\n\n\n\n<p>Im Jahr 1960 \u00fcbernahm Ihr Sohn Rudolf mit seiner Frau Gertrud das Hotel.<\/p>\n\n\n\n<p>Seit 2000 f\u00fchlt sich Christian Seethaler der langen Familientradition verpflichtet. Um das Wohl der Hotelg\u00e4ste k\u00fcmmert sich mit ganzem Herzen Ursula Seethaler.<\/p>\n","protected":false},"excerpt":{"rendered":"<p>Urkundlich wurde das Haus&nbsp;erstmals im Jahre 1462 als Brauerei und Tafernwirtschaft erw\u00e4hnt. Im Jahr 1580 entstand die bemalte Balkendecke in der Hotelhalle. Die naturalistischen Pflanzenornamente stammen aus der Zeit der Gotik. Dieses Original, ein wertvolles geschichtliches Denkmal,&nbsp;wurde erst 1951 wiederentdeckt und freigelegt. Noch \u00e4lter ist vermutlich die mit Stierblut bestrichene Eichenholzdecke&nbsp;in der Agnes-Bernauer-Stube.&nbsp;Im selben Raum [&hellip;]<\/p>\n","protected":false},"author":4,"featured_media":0,"parent":0,"menu_order":0,"comment_status":"closed","ping_status":"closed","template":"","meta":{"inline_featured_image":false,"footnotes":""},"class_list":["post-1198","page","type-page","status-publish","hentry"],"translation":{"provider":"WPGlobus","version":"3.0.2","language":"en","enabled_languages":["de","en"],"languages":{"de":{"title":true,"content":true,"excerpt":false},"en":{"title":false,"content":false,"excerpt":false}}},"_links":{"self":[{"href":"https:\/\/hotel-seethaler.de\/en\/wp-json\/wp\/v2\/pages\/1198","targetHints":{"allow":["GET"]}}],"collection":[{"href":"https:\/\/hotel-seethaler.de\/en\/wp-json\/wp\/v2\/pages"}],"about":[{"href":"https:\/\/hotel-seethaler.de\/en\/wp-json\/wp\/v2\/types\/page"}],"author":[{"embeddable":true,"href":"https:\/\/hotel-seethaler.de\/en\/wp-json\/wp\/v2\/users\/4"}],"replies":[{"embeddable":true,"href":"https:\/\/hotel-seethaler.de\/en\/wp-json\/wp\/v2\/comments?post=1198"}],"version-history":[{"count":6,"href":"https:\/\/hotel-seethaler.de\/en\/wp-json\/wp\/v2\/pages\/1198\/revisions"}],"predecessor-version":[{"id":1861,"href":"https:\/\/hotel-seethaler.de\/en\/wp-json\/wp\/v2\/pages\/1198\/revisions\/1861"}],"wp:attachment":[{"href":"https:\/\/hotel-seethaler.de\/en\/wp-json\/wp\/v2\/media?parent=1198"}],"curies":[{"name":"wp","href":"https:\/\/api.w.org\/{rel}","templated":true}]}}