{"id":1199,"date":"2021-06-28T22:32:21","date_gmt":"2021-06-28T22:32:21","guid":{"rendered":"http:\/\/hotelseethaler.de\/?page_id=1199"},"modified":"2021-09-09T18:20:31","modified_gmt":"2021-09-09T18:20:31","slug":"allgemeine-geschaeftsbedingungen","status":"publish","type":"page","link":"https:\/\/hotel-seethaler.de\/en\/allgemeine-geschaeftsbedingungen\/","title":{"rendered":"Allgemeine Gesch\u00e4ftsbedingungen"},"content":{"rendered":"\n<ul class=\"wp-block-list\"><li><strong>Vertragsregelung<\/strong><br>Eine Hotelzimmerbuchung kommt grunds\u00e4tzlich durch Schriftform zustande. Diese gilt auch als abgeschlossen, sobald die bestellten Zimmer m\u00fcndlich zugesagt oder bereitgestellt worden sind. Nur diese Gesch\u00e4ftsbedingungen sind Vertragsbestandteil, etwaige Gesch\u00e4ftsbedingungen des Kunden sind nicht zul\u00e4ssig.\u00a0<\/li><li><strong>Preisg\u00fcltigkeit<\/strong><br>Die Preise bestimmen sich nach der zur Buchung g\u00fcltigen Preis\u00fcbersicht. Sind in der Auftragsbest\u00e4tigung feste Preise genannt und liegen zwischen Vertragsabschluss und Leistungserbringung mehr als 6 Monate, ist das Hotel berechtigt, Preis\u00e4nderungen vorzunehmen.\u00a0<\/li><li><strong>Optionsreservierungen<\/strong><br>Vorreservierungen (= Optionen) oder Kontingenthaltung von Zimmern sind f\u00fcr beide Vertragspartner bindend. Das Hotel beh\u00e4lt sich das Recht vor, nach Ablauf der Vorreservierung die Zimmer anderweitig zu vergeben. Kontingentbedarf an Zimmern sind dem Hotel bitte stets bereits bei der Angebotseinholung mitzuteilen.<\/li><li><strong>Bereitstellung von Zimmern<\/strong><br>Reservierte Hotelzimmer stehen dem Gast am Anreisetag ab 14.00 Uhr und am Abreisetag bis 10.00 Uhr zur Verf\u00fcgung. Sofern nicht schriftlich eine andere Anreisezeit (bis 18.00 Uhr) vereinbart wurde, ist das Hotel berechtigt, reservierte und bereitgestellte Zimmer anderweitig zu vergeben. <br>Das Hotel beh\u00e4lt sich die Zuweisung bestimmter Zimmer vor.<\/li><li><strong>Stornierung<\/strong><br>Bei sp\u00e4terer Annullierung (nach 18.00 Uhr am Tag der Anreise) fester und schriftlich best\u00e4tigter Buchungen, Nichtanreise, Zimmerreduzierung oder Aufenthaltsverk\u00fcrzung ist das Hotel berechtigt Ausfallgeb\u00fchren in Rechnung zu stellen. Bei Stornierung bis 18 Uhr des Anreisetages wird 80% des Betrages f\u00fcr die Bestellung berechnet.<br>F\u00fcr nicht in Anspruch genommene Zimmer bem\u00fcht sich das Hotel um anderweitige Vermietung. Bis zur Vergabe an Dritte, hat der Vertragspartner f\u00fcr die vertraglich reservierten Zimmer, bzw. Veranstaltungsr\u00e4ume unter Ber\u00fccksichtigung der vorgenannten Kostenregelung und der vereinbarten Vertragsdauer die entsprechende Ausfallgeb\u00fchr zu zahlen.<br>Ma\u00dfgebend f\u00fcr die Rechtzeitigkeit der Stornierung ist der Zugang der schriftlichen Mitteilung an das Hotel. Ausnahmen obiger Regelung ist nur nach R\u00fccksprache mit der Gesch\u00e4ftsleitung m\u00f6glich.<\/li><li><strong>Fremdleistungen<br><\/strong>Soweit das Hotel f\u00fcr den Kunden technische und sonstige Gegenst\u00e4nde anmietet\/beschafft, handelt es im Namen und auf Rechnung des Kunden. Das Hotel haftet nicht f\u00fcr die Funktion beschaffter technischer oder sonstiger Ger\u00e4te, sowie f\u00fcr vermittelte Fremdleistungen, z. B. Transfers, K\u00fcnstlerauftritte, o. \u00e4.<\/li><li><strong>Wertgegenst\u00e4nde<br><\/strong>F\u00fcr Wertgegenst\u00e4nde \u00fcbernimmt das Hotel keine Haftung. Sofern diese im Tresor des Hotels deponiert werden, gilt die Haftungsgrenze der Versicherung des Hotels.<\/li><li><strong>Haftung<br><\/strong>Der Veranstalter haftet f\u00fcr Verluste und Besch\u00e4digungen der Einrichtung oder des Inventars im Hotel seitens seiner Mitarbeiter, Veranstaltungsteilnehmer oder Hilfspersonen oder durch ihn selbst ohne Verschuldungsnachweis, sofern nicht der Schaden im Verantwortungsbereich des Hotels liegt.<\/li><li><strong>H\u00f6here Gewalt<br><\/strong>Das Hotel kann dar\u00fcber hinaus im Falle h\u00f6herer Gewalt (Brand, Streik, Naturkatastrophen etc.) oder aus sonstigen &#8211; vom Hotel nicht zu vertretenden Umst\u00e4nden &#8211; vom Vertrag zur\u00fccktreten, ohne dass dem Kunden ein Anspruch (z. B. Schadensersatz) zusteht.<\/li><li><strong>Reklamationen<\/strong><br>Sollte der Besteller Grund f\u00fcr eine Reklamation einer oder mehrerer Leistungen des Hotels oder des Personals sehen, so ist dies unverz\u00fcglich im Hotel an verantwortlicher Stelle vorzubringen, damit dem Hotel Gelegenheit gegeben wird, sofortige Abhilfe zu schaffen.<\/li><li><strong>Schreib- und Rechenfehler<br><\/strong>Die Berichtigung von Irrt\u00fcmern, sowie von Schreib- und Rechenfehlern in schriftlichen und m\u00fcndlichen Angeboten, Best\u00e4tigungen und Prospekten des Hotels bleibt vorbehalten.\u00a0<\/li><li><strong>Wirksamkeit dieser AGB<br><\/strong>Sollte eine Bestimmung dieser Gesch\u00e4ftsbedingungen unwirksam sein, so ber\u00fchrt das die Wirksamkeit der \u00fcbrigen Vereinbarungen nicht. \u00c4nderungen und Erg\u00e4nzungen bed\u00fcrfen der Schriftform. Auch f\u00fcr m\u00fcndliche Vertragsabsprachen gelten vorstehende Bedingungen.<\/li><li><strong>Erf\u00fcllungsort und Gerichtsstand<br><\/strong>Erf\u00fcllungsort und Gerichtsstand Straubing. Es gilt deutsches Recht.<\/li><\/ul>\n","protected":false},"excerpt":{"rendered":"<p>VertragsregelungEine Hotelzimmerbuchung kommt grunds\u00e4tzlich durch Schriftform zustande. Diese gilt auch als abgeschlossen, sobald die bestellten Zimmer m\u00fcndlich zugesagt oder bereitgestellt worden sind. Nur diese Gesch\u00e4ftsbedingungen sind Vertragsbestandteil, etwaige Gesch\u00e4ftsbedingungen des Kunden sind nicht zul\u00e4ssig.\u00a0 Preisg\u00fcltigkeitDie Preise bestimmen sich nach der zur Buchung g\u00fcltigen Preis\u00fcbersicht. Sind in der Auftragsbest\u00e4tigung feste Preise genannt und liegen zwischen Vertragsabschluss [&hellip;]<\/p>\n","protected":false},"author":4,"featured_media":0,"parent":0,"menu_order":0,"comment_status":"closed","ping_status":"closed","template":"","meta":{"inline_featured_image":false,"footnotes":""},"class_list":["post-1199","page","type-page","status-publish","hentry"],"translation":{"provider":"WPGlobus","version":"3.0.2","language":"en","enabled_languages":["de","en"],"languages":{"de":{"title":true,"content":true,"excerpt":false},"en":{"title":false,"content":false,"excerpt":false}}},"_links":{"self":[{"href":"https:\/\/hotel-seethaler.de\/en\/wp-json\/wp\/v2\/pages\/1199","targetHints":{"allow":["GET"]}}],"collection":[{"href":"https:\/\/hotel-seethaler.de\/en\/wp-json\/wp\/v2\/pages"}],"about":[{"href":"https:\/\/hotel-seethaler.de\/en\/wp-json\/wp\/v2\/types\/page"}],"author":[{"embeddable":true,"href":"https:\/\/hotel-seethaler.de\/en\/wp-json\/wp\/v2\/users\/4"}],"replies":[{"embeddable":true,"href":"https:\/\/hotel-seethaler.de\/en\/wp-json\/wp\/v2\/comments?post=1199"}],"version-history":[{"count":2,"href":"https:\/\/hotel-seethaler.de\/en\/wp-json\/wp\/v2\/pages\/1199\/revisions"}],"predecessor-version":[{"id":1276,"href":"https:\/\/hotel-seethaler.de\/en\/wp-json\/wp\/v2\/pages\/1199\/revisions\/1276"}],"wp:attachment":[{"href":"https:\/\/hotel-seethaler.de\/en\/wp-json\/wp\/v2\/media?parent=1199"}],"curies":[{"name":"wp","href":"https:\/\/api.w.org\/{rel}","templated":true}]}}