{"id":1201,"date":"2021-06-28T22:35:32","date_gmt":"2021-06-28T22:35:32","guid":{"rendered":"http:\/\/hotelseethaler.de\/?page_id=1201"},"modified":"2023-10-06T11:22:27","modified_gmt":"2023-10-06T11:22:27","slug":"kontakt","status":"publish","type":"page","link":"https:\/\/hotel-seethaler.de\/en\/kontakt\/","title":{"rendered":"Kontakt"},"content":{"rendered":"\n<h2 class=\"wp-block-heading\">Kontakt<\/h2>\n\n\n\n<div class=\"wp-block-columns is-layout-flex wp-container-core-columns-is-layout-9d6595d7 wp-block-columns-is-layout-flex\">\n<div class=\"wp-block-column is-layout-flow wp-block-column-is-layout-flow\">\n<p>Sie m\u00f6chten uns kontaktieren, genauere Informationen zu unseren Angeboten erfahren oder uns einfach Feedback geben? Wir freuen uns darauf!<\/p>\n\n\n\n<p>Die Rezeption ist t\u00e4glich von <strong>6 &#8211; 20 Uhr<\/strong> f\u00fcr Sie besetzt.<br>Am Sonntag sind wir nicht durchgehend da,<br>wir bitten Sie daher, uns Ihre ungef\u00e4hre Anreisezeit mitzuteilen.<br><br>Check In ab 15 Uhr,<br>Check Out bis 10 Uhr.<\/p>\n\n\n\n<p>Theresienplatz 9 \u2013 94315 Straubing<\/p>\n\n\n\n<p>Rufen Sie an: <a href=\"tel:0049942193950\"><strong>+499421 \/ 93 95 \u2013 0<\/strong><\/a><br>Email: <a href=\"mailto:info@hotel-seethaler.de\"><strong>info@hotel-seethaler.de<\/strong><\/a><\/p>\n<\/div>\n\n\n\n<div class=\"wp-block-column is-layout-flow wp-block-column-is-layout-flow\">        <div class=\"wp-block-getwid-contact-form\" >\n            <form class='wp-block-getwid-contact-form__form'>\n    \n\n<p>Ihre Nachricht an uns:<\/p>\n\n\n        <p class='wp-block-getwid-field-name'>\n\t    <label\n        for='name-6a07eb63ed729'\n        class='wp-block-getwid-field-name__label'\n    >Name*<\/label>\n\t    <input id='name-6a07eb63ed729' type='text' name='name'            required=''\n            \/>\n<\/p>\n\n\n        <p class='wp-block-getwid-field-email'>\n\t    <label\n\t\tfor='email-6a07eb63eda1f'\n        class='wp-block-getwid-field-email__label'\n    >Email Adresse*<\/label>\n\t    <input id='email-6a07eb63eda1f' type='email' name='email'             required=''    \/>\n<\/p>\n\n\n        <p class='wp-block-getwid-field-textarea Nachricht'>\n\t    <label\n\t\tfor='Nachricht'\n        class='wp-block-getwid-field-textarea__label'\n    >Nachricht*<\/label>\n\t    <textarea\n\t\tid='Nachricht' rows='5' name='message'            required=''\n            ><\/textarea>\n<\/p>\n\n\n\n<p>*erforderlich<\/p>\n\n\n    <input name='subject' \t\ttype='hidden'\n\t\/>\n\n\t<p class='wp-block-getwid-contact-form__result'><\/p>\n\n\t<div class='wp-block-getwid-contact-form__submit'>\n\t\t<div class='wp-block-button'>\n\t\t\t<button\n\t\t\t\ttype='submit'\n\t\t\t\tclass='wp-block-button__link has-text-color has-light-grey-color has-background has-gold-background-color'\t\t\t\t\tstyle=''\t\t\t>Absenden<\/button>\n\t\t<\/div>\n\n\t<\/div>\n<\/form>\n        <\/div><\/div>\n<\/div>\n\n\n\n<p><br><\/p>\n","protected":false},"excerpt":{"rendered":"<p>Kontakt Sie m\u00f6chten uns kontaktieren, genauere Informationen zu unseren Angeboten erfahren oder uns einfach Feedback geben? Wir freuen uns darauf! Die Rezeption ist t\u00e4glich von 6 &#8211; 20 Uhr f\u00fcr Sie besetzt.Am Sonntag sind wir nicht durchgehend da,wir bitten Sie daher, uns Ihre ungef\u00e4hre Anreisezeit mitzuteilen. Check In ab 15 Uhr,Check Out bis 10 Uhr. [&hellip;]<\/p>\n","protected":false},"author":4,"featured_media":0,"parent":0,"menu_order":0,"comment_status":"closed","ping_status":"closed","template":"","meta":{"inline_featured_image":false,"footnotes":""},"class_list":["post-1201","page","type-page","status-publish","hentry"],"translation":{"provider":"WPGlobus","version":"3.0.2","language":"en","enabled_languages":["de","en"],"languages":{"de":{"title":true,"content":true,"excerpt":false},"en":{"title":false,"content":false,"excerpt":false}}},"_links":{"self":[{"href":"https:\/\/hotel-seethaler.de\/en\/wp-json\/wp\/v2\/pages\/1201","targetHints":{"allow":["GET"]}}],"collection":[{"href":"https:\/\/hotel-seethaler.de\/en\/wp-json\/wp\/v2\/pages"}],"about":[{"href":"https:\/\/hotel-seethaler.de\/en\/wp-json\/wp\/v2\/types\/page"}],"author":[{"embeddable":true,"href":"https:\/\/hotel-seethaler.de\/en\/wp-json\/wp\/v2\/users\/4"}],"replies":[{"embeddable":true,"href":"https:\/\/hotel-seethaler.de\/en\/wp-json\/wp\/v2\/comments?post=1201"}],"version-history":[{"count":11,"href":"https:\/\/hotel-seethaler.de\/en\/wp-json\/wp\/v2\/pages\/1201\/revisions"}],"predecessor-version":[{"id":1859,"href":"https:\/\/hotel-seethaler.de\/en\/wp-json\/wp\/v2\/pages\/1201\/revisions\/1859"}],"wp:attachment":[{"href":"https:\/\/hotel-seethaler.de\/en\/wp-json\/wp\/v2\/media?parent=1201"}],"curies":[{"name":"wp","href":"https:\/\/api.w.org\/{rel}","templated":true}]}}