{"id":1295,"date":"2021-09-09T19:58:12","date_gmt":"2021-09-09T19:58:12","guid":{"rendered":"http:\/\/hotelseethaler.de\/?page_id=1295"},"modified":"2021-09-10T10:26:26","modified_gmt":"2021-09-10T10:26:26","slug":"radl-service","status":"publish","type":"page","link":"https:\/\/hotel-seethaler.de\/en\/radl-service\/","title":{"rendered":"Radl-Service"},"content":{"rendered":"\n<p><\/p>\n\n\n\n<div class=\"wp-block-columns is-layout-flex wp-container-core-columns-is-layout-9d6595d7 wp-block-columns-is-layout-flex\">\n<div class=\"wp-block-column is-layout-flow wp-block-column-is-layout-flow\" style=\"flex-basis:33.33%\">\n<figure class=\"wp-block-image size-large\"><img loading=\"lazy\" decoding=\"async\" width=\"775\" height=\"1024\" src=\"http:\/\/hotelseethaler.de\/wp-content\/uploads\/2021\/09\/Radfahrer-sind-herzlich-Willkommen-775x1024.png\" alt=\"\" class=\"wp-image-1298\" srcset=\"https:\/\/hotel-seethaler.de\/wp-content\/uploads\/2021\/09\/Radfahrer-sind-herzlich-Willkommen-775x1024.png 775w, https:\/\/hotel-seethaler.de\/wp-content\/uploads\/2021\/09\/Radfahrer-sind-herzlich-Willkommen-227x300.png 227w, https:\/\/hotel-seethaler.de\/wp-content\/uploads\/2021\/09\/Radfahrer-sind-herzlich-Willkommen-768x1015.png 768w, https:\/\/hotel-seethaler.de\/wp-content\/uploads\/2021\/09\/Radfahrer-sind-herzlich-Willkommen.png 1000w\" sizes=\"auto, (max-width: 775px) 100vw, 775px\" \/><\/figure>\n<\/div>\n\n\n\n<div class=\"wp-block-column is-layout-flow wp-block-column-is-layout-flow\" style=\"flex-basis:60%\">\n<p>Als Radler-freundliches Hotel<\/p>\n\n\n\n<p>&#8230;stellen wir einen <strong>abgeschlossenen Fahrradraum<\/strong> zur Verf\u00fcgung,<\/p>\n\n\n\n<p>&#8230;bieten wir eine M\u00f6glichkeit zum <strong>Aufladen Ihres E-Bikes,<\/strong><\/p>\n\n\n\n<p>\u2026trocknen wir Ihre Kleidung, falls Sie ein Gewitter \u00fcberrascht hat,<\/p>\n\n\n\n<p>\u2026f\u00fcllen wir die Trinkflasche f\u00fcr Ihre n\u00e4chste Etappe,<\/p>\n\n\n\n<p>&#8230;helfen wir mit der<strong> &#8220;Radl-Notfall-Kiste&#8221;<\/strong> aus!<\/p>\n\n\n\n<p><\/p>\n\n\n\n<p><\/p>\n\n\n\n<p><\/p>\n<\/div>\n<\/div>\n","protected":false},"excerpt":{"rendered":"<p>Als Radler-freundliches Hotel &#8230;stellen wir einen abgeschlossenen Fahrradraum zur Verf\u00fcgung, &#8230;bieten wir eine M\u00f6glichkeit zum Aufladen Ihres E-Bikes, \u2026trocknen wir Ihre Kleidung, falls Sie ein Gewitter \u00fcberrascht hat, \u2026f\u00fcllen wir die Trinkflasche f\u00fcr Ihre n\u00e4chste Etappe, &#8230;helfen wir mit der &#8220;Radl-Notfall-Kiste&#8221; aus!<\/p>\n","protected":false},"author":4,"featured_media":0,"parent":0,"menu_order":0,"comment_status":"closed","ping_status":"closed","template":"","meta":{"inline_featured_image":false,"footnotes":""},"class_list":["post-1295","page","type-page","status-publish","hentry"],"translation":{"provider":"WPGlobus","version":"3.0.2","language":"en","enabled_languages":["de","en"],"languages":{"de":{"title":true,"content":true,"excerpt":false},"en":{"title":false,"content":false,"excerpt":false}}},"_links":{"self":[{"href":"https:\/\/hotel-seethaler.de\/en\/wp-json\/wp\/v2\/pages\/1295","targetHints":{"allow":["GET"]}}],"collection":[{"href":"https:\/\/hotel-seethaler.de\/en\/wp-json\/wp\/v2\/pages"}],"about":[{"href":"https:\/\/hotel-seethaler.de\/en\/wp-json\/wp\/v2\/types\/page"}],"author":[{"embeddable":true,"href":"https:\/\/hotel-seethaler.de\/en\/wp-json\/wp\/v2\/users\/4"}],"replies":[{"embeddable":true,"href":"https:\/\/hotel-seethaler.de\/en\/wp-json\/wp\/v2\/comments?post=1295"}],"version-history":[{"count":4,"href":"https:\/\/hotel-seethaler.de\/en\/wp-json\/wp\/v2\/pages\/1295\/revisions"}],"predecessor-version":[{"id":1430,"href":"https:\/\/hotel-seethaler.de\/en\/wp-json\/wp\/v2\/pages\/1295\/revisions\/1430"}],"wp:attachment":[{"href":"https:\/\/hotel-seethaler.de\/en\/wp-json\/wp\/v2\/media?parent=1295"}],"curies":[{"name":"wp","href":"https:\/\/api.w.org\/{rel}","templated":true}]}}