{"id":1313,"date":"2021-09-09T20:57:05","date_gmt":"2021-09-09T20:57:05","guid":{"rendered":"http:\/\/hotelseethaler.de\/?page_id=1313"},"modified":"2021-11-15T11:40:46","modified_gmt":"2021-11-15T11:40:46","slug":"anfahrt-parken","status":"publish","type":"page","link":"https:\/\/hotel-seethaler.de\/en\/anfahrt-parken\/","title":{"rendered":"Anfahrt \/ Parken"},"content":{"rendered":"\n<h1 class=\"wp-block-heading\">Hier finden Sie uns<\/h1>\n\n\n\n<h2 class=\"wp-block-heading\">A 3 Regensburg \/ Passau<\/h2>\n\n\n\n<p>Ausfahrt Kirchroth\/Straubing-West, ca. 8 km Richtung Straubing, nach Ortseingang Richtung Stadtmitte (Stadtgraben), an der 3. Kreuzung links (Am Platzl), Beschilderung folgen, links Aprilgasse<\/p>\n\n\n\n<h2 class=\"wp-block-heading\">A 92 M\u00fcnchen \/ Deggendorf<\/h2>\n\n\n\n<p>Ausfahrt Landau, ca.25 km \u00fcber B 20, Abfahrt zu B 8 Richtung Regensburg, Ausfahrt Straubing \u0096 Alburg &#8211; Geiselh\u00f6ring rechts Richtung Stadtmitte (Geiselh\u00f6ringer Stra\u00dfe), an der 1. Kreuzung geradeaus (Am Platzl) Beschilderung folgen, links Aprilgasse<\/p>\n\n\n\n<p>oder<\/p>\n\n\n\n<p>Ausfahrt Dingolfing, ca.30 km \u00fcber Mengkofen nach Straubing, nach Ortseingang Richtung Stadtmitte (Landshuter Stra\u00dfe), beim Kreisverkehr am Bahnhof 2. Stra\u00dfe rechts (Bahnhofsstra\u00dfe), an der Ampel links (Stadtgraben), n\u00e4chste Ampel rechts, nochmals rechts (Am Platzl) Beschilderung folgen, links Aprilgasse<\/p>\n\n\n\n<h4 class=\"wp-block-heading\">Gute Fahrt!<\/h4>\n\n\n\n<figure class=\"wp-block-image size-full\"><img loading=\"lazy\" decoding=\"async\" width=\"800\" height=\"773\" src=\"https:\/\/hotel-seethaler.de\/wp-content\/uploads\/2021\/11\/anfahrtsskizze_hotel_seethaler.png\" alt=\"\" class=\"wp-image-1508\" srcset=\"https:\/\/hotel-seethaler.de\/wp-content\/uploads\/2021\/11\/anfahrtsskizze_hotel_seethaler.png 800w, https:\/\/hotel-seethaler.de\/wp-content\/uploads\/2021\/11\/anfahrtsskizze_hotel_seethaler-300x290.png 300w, https:\/\/hotel-seethaler.de\/wp-content\/uploads\/2021\/11\/anfahrtsskizze_hotel_seethaler-768x742.png 768w\" sizes=\"auto, (max-width: 800px) 100vw, 800px\" \/><\/figure>\n\n\n\n<h5 class=\"wp-block-heading\">Anfahrtsskizze<\/h5>\n","protected":false},"excerpt":{"rendered":"<p>Hier finden Sie uns A 3 Regensburg \/ Passau Ausfahrt Kirchroth\/Straubing-West, ca. 8 km Richtung Straubing, nach Ortseingang Richtung Stadtmitte (Stadtgraben), an der 3. Kreuzung links (Am Platzl), Beschilderung folgen, links Aprilgasse A 92 M\u00fcnchen \/ Deggendorf Ausfahrt Landau, ca.25 km \u00fcber B 20, Abfahrt zu B 8 Richtung Regensburg, Ausfahrt Straubing \u0096 Alburg &#8211; [&hellip;]<\/p>\n","protected":false},"author":4,"featured_media":0,"parent":0,"menu_order":0,"comment_status":"closed","ping_status":"closed","template":"","meta":{"inline_featured_image":false,"footnotes":""},"class_list":["post-1313","page","type-page","status-publish","hentry"],"translation":{"provider":"WPGlobus","version":"3.0.2","language":"en","enabled_languages":["de","en"],"languages":{"de":{"title":true,"content":true,"excerpt":false},"en":{"title":false,"content":false,"excerpt":false}}},"_links":{"self":[{"href":"https:\/\/hotel-seethaler.de\/en\/wp-json\/wp\/v2\/pages\/1313","targetHints":{"allow":["GET"]}}],"collection":[{"href":"https:\/\/hotel-seethaler.de\/en\/wp-json\/wp\/v2\/pages"}],"about":[{"href":"https:\/\/hotel-seethaler.de\/en\/wp-json\/wp\/v2\/types\/page"}],"author":[{"embeddable":true,"href":"https:\/\/hotel-seethaler.de\/en\/wp-json\/wp\/v2\/users\/4"}],"replies":[{"embeddable":true,"href":"https:\/\/hotel-seethaler.de\/en\/wp-json\/wp\/v2\/comments?post=1313"}],"version-history":[{"count":6,"href":"https:\/\/hotel-seethaler.de\/en\/wp-json\/wp\/v2\/pages\/1313\/revisions"}],"predecessor-version":[{"id":1510,"href":"https:\/\/hotel-seethaler.de\/en\/wp-json\/wp\/v2\/pages\/1313\/revisions\/1510"}],"wp:attachment":[{"href":"https:\/\/hotel-seethaler.de\/en\/wp-json\/wp\/v2\/media?parent=1313"}],"curies":[{"name":"wp","href":"https:\/\/api.w.org\/{rel}","templated":true}]}}