{"id":1321,"date":"2021-09-09T21:02:46","date_gmt":"2021-09-09T21:02:46","guid":{"rendered":"http:\/\/hotelseethaler.de\/?page_id=1321"},"modified":"2021-09-09T21:02:46","modified_gmt":"2021-09-09T21:02:46","slug":"golfen-in-und-um-straubing","status":"publish","type":"page","link":"https:\/\/hotel-seethaler.de\/en\/golfen-in-und-um-straubing\/","title":{"rendered":"Golfen in und um Straubing"},"content":{"rendered":"\n<h1 class=\"wp-block-heading\">Golfclub G\u00e4uboden<\/h1>\n\n\n\n<p>ca. 9 km<br>18 Loch Platz Par72<br>L\u00e4nge Herren: 6183 m<br>L\u00e4nge Damen: 5496 m<\/p>\n\n\n\n<p>Fruhstorf 6<br>94330 Aiterhofen<br>Tel.: <a href=\"tel:+49942172804\">+49 9421 \/ 72 804<\/a><br><a href=\"http:\/\/www.golfclub-gaeuboden.de\">www.golfclub-gaeuboden.de<\/a><\/p>\n\n\n\n<h1 class=\"wp-block-heading\">Golf-Club Straubing<\/h1>\n\n\n\n<p>ca.&nbsp;9km<br>18 Loch Platz Par 72<br>L\u00e4nge: 5834 m<\/p>\n\n\n\n<p>94356&nbsp;Kirchroth<br>Tel.: <a href=\"tel:+4994287169\">+49 9428 \/ 7169<\/a><br><a href=\"http:\/\/www.golfclub-straubing.de\">www.golfclub-straubing.de<\/a><\/p>\n\n\n\n<h1 class=\"wp-block-heading\">Golf u. Land Club Regensburg<\/h1>\n\n\n\n<p>ca. 38km<br>18 Loch Platz Par 72<br>L\u00e4nge Herren:&nbsp;5734 m<br>L\u00e4nge Damen: 5069 m<\/p>\n\n\n\n<p>93093&nbsp;Jagdschloss Thiergarten<br>Tel.: <a href=\"tel:+499403505\">+49 9403&nbsp;\/&nbsp;505<\/a><br><a href=\"http:\/\/www.golfclub-regensburg.de\">www.golfclub-regensburg.de<\/a><\/p>\n\n\n\n<h1 class=\"wp-block-heading\">Golfclub Schlossberg Reisbach<\/h1>\n\n\n\n<p>ca. 45km<br>18 Loch Platz Par 72<br>L\u00e4nge Herren: 6037m<br>L\u00e4nge Damen: 5312 m<\/p>\n\n\n\n<p>Gr\u00fcnbach 8<br>94419 Reisbach<br>Tel.: <a href=\"tel:+4987347035\">+49 8734 \/ 7035<\/a><br><a href=\"http:\/\/www.golfclub-schlossberg.de\">www.golfclub-schlossberg.de<\/a><\/p>\n","protected":false},"excerpt":{"rendered":"<p>Golfclub G\u00e4uboden ca. 9 km18 Loch Platz Par72L\u00e4nge Herren: 6183 mL\u00e4nge Damen: 5496 m Fruhstorf 694330 AiterhofenTel.: +49 9421 \/ 72 804www.golfclub-gaeuboden.de Golf-Club Straubing ca.&nbsp;9km18 Loch Platz Par 72L\u00e4nge: 5834 m 94356&nbsp;KirchrothTel.: +49 9428 \/ 7169www.golfclub-straubing.de Golf u. Land Club Regensburg ca. 38km18 Loch Platz Par 72L\u00e4nge Herren:&nbsp;5734 mL\u00e4nge Damen: 5069 m 93093&nbsp;Jagdschloss ThiergartenTel.: +49 [&hellip;]<\/p>\n","protected":false},"author":4,"featured_media":0,"parent":0,"menu_order":0,"comment_status":"closed","ping_status":"closed","template":"","meta":{"inline_featured_image":false,"footnotes":""},"class_list":["post-1321","page","type-page","status-publish","hentry"],"translation":{"provider":"WPGlobus","version":"3.0.2","language":"en","enabled_languages":["de","en"],"languages":{"de":{"title":true,"content":true,"excerpt":false},"en":{"title":false,"content":false,"excerpt":false}}},"_links":{"self":[{"href":"https:\/\/hotel-seethaler.de\/en\/wp-json\/wp\/v2\/pages\/1321","targetHints":{"allow":["GET"]}}],"collection":[{"href":"https:\/\/hotel-seethaler.de\/en\/wp-json\/wp\/v2\/pages"}],"about":[{"href":"https:\/\/hotel-seethaler.de\/en\/wp-json\/wp\/v2\/types\/page"}],"author":[{"embeddable":true,"href":"https:\/\/hotel-seethaler.de\/en\/wp-json\/wp\/v2\/users\/4"}],"replies":[{"embeddable":true,"href":"https:\/\/hotel-seethaler.de\/en\/wp-json\/wp\/v2\/comments?post=1321"}],"version-history":[{"count":1,"href":"https:\/\/hotel-seethaler.de\/en\/wp-json\/wp\/v2\/pages\/1321\/revisions"}],"predecessor-version":[{"id":1322,"href":"https:\/\/hotel-seethaler.de\/en\/wp-json\/wp\/v2\/pages\/1321\/revisions\/1322"}],"wp:attachment":[{"href":"https:\/\/hotel-seethaler.de\/en\/wp-json\/wp\/v2\/media?parent=1321"}],"curies":[{"name":"wp","href":"https:\/\/api.w.org\/{rel}","templated":true}]}}